{"id":657,"date":"2019-01-31T15:17:24","date_gmt":"2019-01-31T13:17:24","guid":{"rendered":"http:\/\/www.kindertherapiemuenchen.de\/?page_id=657"},"modified":"2019-02-02T19:11:16","modified_gmt":"2019-02-02T17:11:16","slug":"play-therapy","status":"publish","type":"page","link":"https:\/\/www.kindertherapiemuenchen.de\/en\/play-therapy\/","title":{"rendered":"Play Therapy"},"content":{"rendered":"<p>[et_pb_section fb_built=&#8221;1&#8243; _builder_version=&#8221;3.0.47&#8243;][et_pb_row _builder_version=&#8221;3.0.48&#8243; background_size=&#8221;initial&#8221; background_position=&#8221;top_left&#8221; background_repeat=&#8221;repeat&#8221; locked=&#8221;off&#8221;][et_pb_column type=&#8221;3_4&#8243; _builder_version=&#8221;3.0.47&#8243; parallax=&#8221;off&#8221; parallax_method=&#8221;on&#8221;][et_pb_text _builder_version=&#8221;3.19.10&#8243; background_size=&#8221;initial&#8221; background_position=&#8221;top_left&#8221; background_repeat=&#8221;repeat&#8221;]<\/p>\n<h1>Play Therapy<\/h1>\n<p><strong>The importance of play<\/strong><\/p>\n<p>Play is the natural language of the child. Through play children discover themselves and the world around them. Play gives the child the possibility to try out different roles and play around with finding creative solutions for problems.<\/p>\n<p><strong>The use of play in therapy<\/strong><\/p>\n<p>In a supportive and safe environment, your child or teenager gets the opportunity to express personal experience through play. This helps them gain perspective and a new understanding of a previous experience.<\/p>\n<p><strong>Types of play materials<\/strong><\/p>\n<p>During therapy the child decides with which play or art materials he \/ she wants to spend time with. Depending on the age of the child, there are art materials, music instruments, a sandtray and miniatures, hand puppets, dressing up materials and domestic play materials.<\/p>\n<p>[\/et_pb_text][\/et_pb_column][et_pb_column type=&#8221;1_4&#8243; _builder_version=&#8221;3.0.47&#8243; parallax=&#8221;off&#8221; parallax_method=&#8221;on&#8221;][et_pb_sidebar _builder_version=&#8221;3.19.10&#8243;][\/et_pb_sidebar][\/et_pb_column][\/et_pb_row][\/et_pb_section]<\/p>\n","protected":false},"excerpt":{"rendered":"<p>Play Therapy The importance of play Play is the natural language of the child. Through play children discover themselves and the world around them. Play gives the child the possibility to try out different roles and play around with finding creative solutions for problems. The use of play in therapy In a supportive and safe\u2026 <a href=\"https:\/\/www.kindertherapiemuenchen.de\/en\/play-therapy\/\">Read More &raquo;<\/a><\/p>\n","protected":false},"author":2,"featured_media":0,"parent":0,"menu_order":2,"comment_status":"closed","ping_status":"closed","template":"","meta":{"_et_pb_use_builder":"on","_et_pb_old_content":"<p><!--:de--><strong>Die Bedeutung des Spiels<\/strong><br \/>Das Spiel ist die nat\u00fcrliche Sprache des Kindes. Durch das Spiel lernt das Kind sich selbst und seine Umwelt kennen. Es hat die M\u00f6glichkeit, in verschiedene Rollen zu schl\u00fcpfen und kreative L\u00f6sungen f\u00fcr seine Probleme zu finden.<\/p><p><strong>Anwendung des Spiels in der Therapie<\/strong><br \/>In der Spieltherapie wird eine wohlwollende und angstfreie Atmosph\u00e4re geschaffen. In dieser kann das Kind bzw. der Jugendliche Erlebnisse auf der Spielebene inszenieren und den Umgang mit diesen ver\u00e4ndern.<\/p><p><strong>Arten der Spielmaterialien<\/strong><br \/>In der Therapiestunde w\u00e4hlt das Kind frei mit welchen Spielmaterialien es sich besch\u00e4ftigen m\u00f6chte. Je nach Alter kommen infrage: Kunstmaterialien, Musikinstrumente, Therapiesandkasten und Miniaturen, Handpuppen, Verkleidungsmaterial und h\u00e4usliche Gegenst\u00e4nde.<!--:--><!--:en--><strong>The importance of play<\/strong><\/p><p>Play is the natural language of the child. Through play children discover themselves and the world around them. Play gives the child the possibility to try out different roles and play around with finding creative solutions for problems.<\/p><p><strong>The use of play in therapy<\/strong><\/p><p>In a supportive and safe environment, your child or teenager gets the opportunity to express personal experience through play. This helps them gain perspective and a new understanding of a previous experience.<\/p><p><strong>Types of play materials<\/strong><\/p><p>During therapy the child decides with which play or art materials he \/ she wants to spend time with. Depending on the age of the child, there are art materials, music instruments, a sandtray and miniatures, hand puppets, dressing up materials and domestic play materials.<!--:--><\/p>","_et_gb_content_width":"","footnotes":""},"class_list":["post-657","page","type-page","status-publish","hentry"],"yoast_head":"<!-- This site is optimized with the Yoast SEO plugin v27.3 - https:\/\/yoast.com\/product\/yoast-seo-wordpress\/ -->\n<title>Play Therapy | Kindertherapie M\u00fcnchen | Anne St\u00f6ckert<\/title>\n<meta name=\"robots\" content=\"index, follow, max-snippet:-1, max-image-preview:large, max-video-preview:-1\" \/>\n<link rel=\"canonical\" href=\"https:\/\/www.kindertherapiemuenchen.de\/en\/play-therapy\/\" \/>\n<meta property=\"og:locale\" content=\"en_US\" \/>\n<meta property=\"og:type\" content=\"article\" \/>\n<meta property=\"og:title\" content=\"Play Therapy | Kindertherapie M\u00fcnchen | Anne St\u00f6ckert\" \/>\n<meta property=\"og:description\" content=\"Play Therapy The importance of play Play is the natural language of the child. Through play children discover themselves and the world around them. Play gives the child the possibility to try out different roles and play around with finding creative solutions for problems. The use of play in therapy In a supportive and safe\u2026 Read More &raquo;\" \/>\n<meta property=\"og:url\" content=\"https:\/\/www.kindertherapiemuenchen.de\/en\/play-therapy\/\" \/>\n<meta property=\"og:site_name\" content=\"Kindertherapie M\u00fcnchen | Anne St\u00f6ckert\" \/>\n<meta property=\"article:modified_time\" content=\"2019-02-02T17:11:16+00:00\" \/>\n<meta name=\"twitter:card\" content=\"summary_large_image\" \/>\n<meta name=\"twitter:label1\" content=\"Est. reading time\" \/>\n\t<meta name=\"twitter:data1\" content=\"1 minute\" \/>\n<script type=\"application\/ld+json\" class=\"yoast-schema-graph\">{\"@context\":\"https:\\\/\\\/schema.org\",\"@graph\":[{\"@type\":\"WebPage\",\"@id\":\"https:\\\/\\\/www.kindertherapiemuenchen.de\\\/en\\\/play-therapy\\\/\",\"url\":\"https:\\\/\\\/www.kindertherapiemuenchen.de\\\/en\\\/play-therapy\\\/\",\"name\":\"Play Therapy | Kindertherapie M\u00fcnchen | Anne St\u00f6ckert\",\"isPartOf\":{\"@id\":\"https:\\\/\\\/www.kindertherapiemuenchen.de\\\/en\\\/#website\"},\"datePublished\":\"2019-01-31T13:17:24+00:00\",\"dateModified\":\"2019-02-02T17:11:16+00:00\",\"breadcrumb\":{\"@id\":\"https:\\\/\\\/www.kindertherapiemuenchen.de\\\/en\\\/play-therapy\\\/#breadcrumb\"},\"inLanguage\":\"en-US\",\"potentialAction\":[{\"@type\":\"ReadAction\",\"target\":[\"https:\\\/\\\/www.kindertherapiemuenchen.de\\\/en\\\/play-therapy\\\/\"]}]},{\"@type\":\"BreadcrumbList\",\"@id\":\"https:\\\/\\\/www.kindertherapiemuenchen.de\\\/en\\\/play-therapy\\\/#breadcrumb\",\"itemListElement\":[{\"@type\":\"ListItem\",\"position\":1,\"name\":\"Startseite\",\"item\":\"https:\\\/\\\/www.kindertherapiemuenchen.de\\\/en\\\/\"},{\"@type\":\"ListItem\",\"position\":2,\"name\":\"Play Therapy\"}]},{\"@type\":\"WebSite\",\"@id\":\"https:\\\/\\\/www.kindertherapiemuenchen.de\\\/en\\\/#website\",\"url\":\"https:\\\/\\\/www.kindertherapiemuenchen.de\\\/en\\\/\",\"name\":\"Kindertherapie M\u00fcnchen | Anne St\u00f6ckert\",\"description\":\"M.A., Spieltherapeutin, Heilpraktikerin f\u00fcr Psychotherapie\",\"publisher\":{\"@id\":\"https:\\\/\\\/www.kindertherapiemuenchen.de\\\/en\\\/#organization\"},\"potentialAction\":[{\"@type\":\"SearchAction\",\"target\":{\"@type\":\"EntryPoint\",\"urlTemplate\":\"https:\\\/\\\/www.kindertherapiemuenchen.de\\\/en\\\/?s={search_term_string}\"},\"query-input\":{\"@type\":\"PropertyValueSpecification\",\"valueRequired\":true,\"valueName\":\"search_term_string\"}}],\"inLanguage\":\"en-US\"},{\"@type\":\"Organization\",\"@id\":\"https:\\\/\\\/www.kindertherapiemuenchen.de\\\/en\\\/#organization\",\"name\":\"Kindertherapie M\u00fcnchen | Anne St\u00f6ckert\",\"url\":\"https:\\\/\\\/www.kindertherapiemuenchen.de\\\/en\\\/\",\"logo\":{\"@type\":\"ImageObject\",\"inLanguage\":\"en-US\",\"@id\":\"https:\\\/\\\/www.kindertherapiemuenchen.de\\\/en\\\/#\\\/schema\\\/logo\\\/image\\\/\",\"url\":\"\\\/wp-content\\\/uploads\\\/2023\\\/02\\\/Logo_pur.png\",\"contentUrl\":\"\\\/wp-content\\\/uploads\\\/2023\\\/02\\\/Logo_pur.png\",\"width\":707,\"height\":395,\"caption\":\"Kindertherapie M\u00fcnchen | Anne St\u00f6ckert\"},\"image\":{\"@id\":\"https:\\\/\\\/www.kindertherapiemuenchen.de\\\/en\\\/#\\\/schema\\\/logo\\\/image\\\/\"}}]}<\/script>\n<!-- \/ Yoast SEO plugin. -->","yoast_head_json":{"title":"Play Therapy | Kindertherapie M\u00fcnchen | Anne St\u00f6ckert","robots":{"index":"index","follow":"follow","max-snippet":"max-snippet:-1","max-image-preview":"max-image-preview:large","max-video-preview":"max-video-preview:-1"},"canonical":"https:\/\/www.kindertherapiemuenchen.de\/en\/play-therapy\/","og_locale":"en_US","og_type":"article","og_title":"Play Therapy | Kindertherapie M\u00fcnchen | Anne St\u00f6ckert","og_description":"Play Therapy The importance of play Play is the natural language of the child. Through play children discover themselves and the world around them. Play gives the child the possibility to try out different roles and play around with finding creative solutions for problems. The use of play in therapy In a supportive and safe\u2026 Read More &raquo;","og_url":"https:\/\/www.kindertherapiemuenchen.de\/en\/play-therapy\/","og_site_name":"Kindertherapie M\u00fcnchen | Anne St\u00f6ckert","article_modified_time":"2019-02-02T17:11:16+00:00","twitter_card":"summary_large_image","twitter_misc":{"Est. reading time":"1 minute"},"schema":{"@context":"https:\/\/schema.org","@graph":[{"@type":"WebPage","@id":"https:\/\/www.kindertherapiemuenchen.de\/en\/play-therapy\/","url":"https:\/\/www.kindertherapiemuenchen.de\/en\/play-therapy\/","name":"Play Therapy | Kindertherapie M\u00fcnchen | Anne St\u00f6ckert","isPartOf":{"@id":"https:\/\/www.kindertherapiemuenchen.de\/en\/#website"},"datePublished":"2019-01-31T13:17:24+00:00","dateModified":"2019-02-02T17:11:16+00:00","breadcrumb":{"@id":"https:\/\/www.kindertherapiemuenchen.de\/en\/play-therapy\/#breadcrumb"},"inLanguage":"en-US","potentialAction":[{"@type":"ReadAction","target":["https:\/\/www.kindertherapiemuenchen.de\/en\/play-therapy\/"]}]},{"@type":"BreadcrumbList","@id":"https:\/\/www.kindertherapiemuenchen.de\/en\/play-therapy\/#breadcrumb","itemListElement":[{"@type":"ListItem","position":1,"name":"Startseite","item":"https:\/\/www.kindertherapiemuenchen.de\/en\/"},{"@type":"ListItem","position":2,"name":"Play Therapy"}]},{"@type":"WebSite","@id":"https:\/\/www.kindertherapiemuenchen.de\/en\/#website","url":"https:\/\/www.kindertherapiemuenchen.de\/en\/","name":"Kindertherapie M\u00fcnchen | Anne St\u00f6ckert","description":"M.A., Spieltherapeutin, Heilpraktikerin f\u00fcr Psychotherapie","publisher":{"@id":"https:\/\/www.kindertherapiemuenchen.de\/en\/#organization"},"potentialAction":[{"@type":"SearchAction","target":{"@type":"EntryPoint","urlTemplate":"https:\/\/www.kindertherapiemuenchen.de\/en\/?s={search_term_string}"},"query-input":{"@type":"PropertyValueSpecification","valueRequired":true,"valueName":"search_term_string"}}],"inLanguage":"en-US"},{"@type":"Organization","@id":"https:\/\/www.kindertherapiemuenchen.de\/en\/#organization","name":"Kindertherapie M\u00fcnchen | Anne St\u00f6ckert","url":"https:\/\/www.kindertherapiemuenchen.de\/en\/","logo":{"@type":"ImageObject","inLanguage":"en-US","@id":"https:\/\/www.kindertherapiemuenchen.de\/en\/#\/schema\/logo\/image\/","url":"\/wp-content\/uploads\/2023\/02\/Logo_pur.png","contentUrl":"\/wp-content\/uploads\/2023\/02\/Logo_pur.png","width":707,"height":395,"caption":"Kindertherapie M\u00fcnchen | Anne St\u00f6ckert"},"image":{"@id":"https:\/\/www.kindertherapiemuenchen.de\/en\/#\/schema\/logo\/image\/"}}]}},"_links":{"self":[{"href":"https:\/\/www.kindertherapiemuenchen.de\/en\/wp-json\/wp\/v2\/pages\/657","targetHints":{"allow":["GET"]}}],"collection":[{"href":"https:\/\/www.kindertherapiemuenchen.de\/en\/wp-json\/wp\/v2\/pages"}],"about":[{"href":"https:\/\/www.kindertherapiemuenchen.de\/en\/wp-json\/wp\/v2\/types\/page"}],"author":[{"embeddable":true,"href":"https:\/\/www.kindertherapiemuenchen.de\/en\/wp-json\/wp\/v2\/users\/2"}],"replies":[{"embeddable":true,"href":"https:\/\/www.kindertherapiemuenchen.de\/en\/wp-json\/wp\/v2\/comments?post=657"}],"version-history":[{"count":0,"href":"https:\/\/www.kindertherapiemuenchen.de\/en\/wp-json\/wp\/v2\/pages\/657\/revisions"}],"wp:attachment":[{"href":"https:\/\/www.kindertherapiemuenchen.de\/en\/wp-json\/wp\/v2\/media?parent=657"}],"curies":[{"name":"wp","href":"https:\/\/api.w.org\/{rel}","templated":true}]}}